{"id":2089,"date":"2024-02-25T10:29:26","date_gmt":"2024-02-25T10:29:26","guid":{"rendered":"https:\/\/laoficinacol.com\/?page_id=2089"},"modified":"2025-04-03T22:14:54","modified_gmt":"2025-04-03T22:14:54","slug":"nuestros-talleres","status":"publish","type":"page","link":"https:\/\/laoficinacol.com\/index.php\/nuestros-talleres\/","title":{"rendered":"Nuestros talleres"},"content":{"rendered":"\t\t<div data-elementor-type=\"wp-page\" data-elementor-id=\"2089\" class=\"elementor elementor-2089\">\n\t\t\t\t\t\t<section class=\"elementor-section elementor-top-section elementor-element elementor-element-40025c3 elementor-section-boxed elementor-section-height-default elementor-section-height-default\" data-id=\"40025c3\" data-element_type=\"section\" data-e-type=\"section\">\n\t\t\t\t\t\t<div class=\"elementor-container elementor-column-gap-default\">\n\t\t\t\t\t<div class=\"elementor-column elementor-col-100 elementor-top-column elementor-element elementor-element-4d9363b\" data-id=\"4d9363b\" data-element_type=\"column\" data-e-type=\"column\">\n\t\t\t<div class=\"elementor-widget-wrap elementor-element-populated\">\n\t\t\t\t\t\t<div class=\"elementor-element elementor-element-d9fae94 elementor-widget elementor-widget-heading\" data-id=\"d9fae94\" data-element_type=\"widget\" data-e-type=\"widget\" data-widget_type=\"heading.default\">\n\t\t\t\t<div class=\"elementor-widget-container\">\n\t\t\t\t\t<h2 class=\"elementor-heading-title elementor-size-default\">Talleres y proyectos<\/h2>\t\t\t\t<\/div>\n\t\t\t\t<\/div>\n\t\t\t\t<div class=\"elementor-element elementor-element-2e56818 elementor-widget elementor-widget-text-editor\" data-id=\"2e56818\" data-element_type=\"widget\" data-e-type=\"widget\" data-widget_type=\"text-editor.default\">\n\t\t\t\t<div class=\"elementor-widget-container\">\n\t\t\t\t\t\t\t\t\t<p>Damos talleres, charlas y capacitaciones sobre identificaci\u00f3n, prevenci\u00f3n y ruta de atenci\u00f3n en violencias basadas en g\u00e9nero. Nuestros talleres se realizan con metodolog\u00edas participativas. En estos talleres hablamos sobre violencia f\u00edsica, emocional, econ\u00f3mica, psicol\u00f3gica y simb\u00f3lica.<\/p><div>\u00a0<\/div>\t\t\t\t\t\t\t\t<\/div>\n\t\t\t\t<\/div>\n\t\t\t\t<div class=\"elementor-element elementor-element-39f529f elementor-widget-divider--view-line elementor-widget elementor-widget-divider\" data-id=\"39f529f\" data-element_type=\"widget\" data-e-type=\"widget\" data-widget_type=\"divider.default\">\n\t\t\t\t<div class=\"elementor-widget-container\">\n\t\t\t\t\t\t\t<div class=\"elementor-divider\">\n\t\t\t<span class=\"elementor-divider-separator\">\n\t\t\t\t\t\t<\/span>\n\t\t<\/div>\n\t\t\t\t\t\t<\/div>\n\t\t\t\t<\/div>\n\t\t\t\t<div class=\"elementor-element elementor-element-6f23d06 elementor-widget elementor-widget-heading\" data-id=\"6f23d06\" data-element_type=\"widget\" data-e-type=\"widget\" data-widget_type=\"heading.default\">\n\t\t\t\t<div class=\"elementor-widget-container\">\n\t\t\t\t\t<h2 class=\"elementor-heading-title elementor-size-default\">Nuestro taller del mes: <\/h2>\t\t\t\t<\/div>\n\t\t\t\t<\/div>\n\t\t\t\t<section class=\"elementor-section elementor-inner-section elementor-element elementor-element-3294bf3 elementor-section-boxed elementor-section-height-default elementor-section-height-default\" data-id=\"3294bf3\" data-element_type=\"section\" data-e-type=\"section\">\n\t\t\t\t\t\t<div class=\"elementor-container elementor-column-gap-default\">\n\t\t\t\t\t<div class=\"elementor-column elementor-col-50 elementor-inner-column elementor-element elementor-element-c549909\" data-id=\"c549909\" data-element_type=\"column\" data-e-type=\"column\">\n\t\t\t<div class=\"elementor-widget-wrap elementor-element-populated\">\n\t\t\t\t\t\t<div class=\"elementor-element elementor-element-147d6f0 elementor-widget elementor-widget-text-editor\" data-id=\"147d6f0\" data-element_type=\"widget\" data-e-type=\"widget\" data-widget_type=\"text-editor.default\">\n\t\t\t\t<div class=\"elementor-widget-container\">\n\t\t\t\t\t\t\t\t\t<h3><span style=\"font-style: inherit; font-weight: inherit; background-color: var(--ast-global-color-5); text-decoration-line: initial;\">Caos Afuera, calma adentro<\/span><\/h3><h3><span style=\"color: #585858; font-family: Jost, sans-serif;\"><span style=\"font-size: 16px;\">En un mundo hiperconectado, acelerado y cada vez m\u00e1s reactivo, aprender a elegir qu\u00e9 consumimos y c\u00f3mo respondemos se convierte en una herramienta de resistencia, autocuidado y conciencia pol\u00edtica.<\/span><\/span><\/h3><h3><span style=\"color: #585858; font-family: Jost, sans-serif;\"><span style=\"font-size: 16px;\"><u>&#8220;Caos afuera, calma adentro&#8221; es un taller de 4 horas (en dos sesiones de 2h) para:<\/u><\/span><\/span><\/h3><h3><span style=\"color: #585858; font-family: Jost, sans-serif;\"><span style=\"font-size: 16px;\">\u2728 Aprender a consumir contenido e informaci\u00f3n de forma consciente<\/span><\/span><\/h3><h3><span style=\"color: #585858; font-family: Jost, sans-serif;\"><span style=\"font-size: 16px;\">\u2728 Cultivar pr\u00e1cticas de autorregulaci\u00f3n emocional desde la psicoterapia<\/span><\/span><\/h3><h3><span style=\"color: #585858; font-family: Jost, sans-serif;\"><span style=\"font-size: 16px;\">\u2728 Desarrollar herramientas personales para vivir con m\u00e1s calma, intenci\u00f3n y agencia<\/span><\/span><\/h3><div><span style=\"color: #585858; font-family: Jost, sans-serif;\"><span style=\"font-size: 16px;\">\u00a0<\/span><\/span><\/div><div><p data-start=\"847\" data-end=\"1094\">\ud83d\uddd3\ufe0f <strong data-start=\"851\" data-end=\"861\">Fechas<\/strong>: 26 y 27 de Abril<br data-start=\"887\" data-end=\"890\" \/>\ud83d\udccd<strong data-start=\"892\" data-end=\"905\">Modalidad<\/strong>: Virtual\u00a0<br data-start=\"929\" data-end=\"932\" \/>\u23f0 <strong data-start=\"934\" data-end=\"952\">Duraci\u00f3n total<\/strong>: 4 horas (divididas en dos d\u00edas)<br data-start=\"985\" data-end=\"988\" \/>\ud83d\udcb8 <strong data-start=\"991\" data-end=\"1004\">Inversi\u00f3n<\/strong>:<br data-start=\"1005\" data-end=\"1008\" \/>\u2014 $85.000 COP si te inscribes en la primera semana<br data-start=\"1058\" data-end=\"1061\" \/>\u2014 $95.000 COP despu\u00e9s de Abril 10<\/p><p>Otras formas de pago:\u00a0<br \/><b>Nequi: <\/b>3176387246\u00a0<\/p><p data-start=\"847\" data-end=\"1094\"><b>Ahorros Bancolombia: <\/b>64928641765<\/p><\/div>\t\t\t\t\t\t\t\t<\/div>\n\t\t\t\t<\/div>\n\t\t\t\t\t<\/div>\n\t\t<\/div>\n\t\t\t\t<div class=\"elementor-column elementor-col-50 elementor-inner-column elementor-element elementor-element-9258ee4\" data-id=\"9258ee4\" data-element_type=\"column\" data-e-type=\"column\">\n\t\t\t<div class=\"elementor-widget-wrap elementor-element-populated\">\n\t\t\t\t\t\t<div class=\"elementor-element elementor-element-04c5691 elementor-widget elementor-widget-image\" data-id=\"04c5691\" data-element_type=\"widget\" data-e-type=\"widget\" data-widget_type=\"image.default\">\n\t\t\t\t<div class=\"elementor-widget-container\">\n\t\t\t\t\t\t\t\t\t\t\t\t\t\t\t\t<a href=\"https:\/\/mpago.li\/2TjtwK2\">\n\t\t\t\t\t\t\t<img fetchpriority=\"high\" decoding=\"async\" width=\"539\" height=\"682\" src=\"https:\/\/laoficinacol.com\/wp-content\/uploads\/2025\/04\/Screenshot-2025-04-03-at-12.26.42\u202fPM.png\" class=\"attachment-full size-full wp-image-2162\" alt=\"\" srcset=\"https:\/\/laoficinacol.com\/wp-content\/uploads\/2025\/04\/Screenshot-2025-04-03-at-12.26.42\u202fPM.png 539w, https:\/\/laoficinacol.com\/wp-content\/uploads\/2025\/04\/Screenshot-2025-04-03-at-12.26.42\u202fPM-237x300.png 237w, https:\/\/laoficinacol.com\/wp-content\/uploads\/2025\/04\/Screenshot-2025-04-03-at-12.26.42\u202fPM-395x500.png 395w\" sizes=\"(max-width: 539px) 100vw, 539px\" \/>\t\t\t\t\t\t\t\t<\/a>\n\t\t\t\t\t\t\t\t\t\t\t\t\t\t\t<\/div>\n\t\t\t\t<\/div>\n\t\t\t\t\t<\/div>\n\t\t<\/div>\n\t\t\t\t\t<\/div>\n\t\t<\/section>\n\t\t\t\t<div class=\"elementor-element elementor-element-2fcc2ac elementor-align-left elementor-widget elementor-widget-button\" data-id=\"2fcc2ac\" data-element_type=\"widget\" data-e-type=\"widget\" data-widget_type=\"button.default\">\n\t\t\t\t<div class=\"elementor-widget-container\">\n\t\t\t\t\t\t\t\t\t<div class=\"elementor-button-wrapper\">\n\t\t\t\t\t<a class=\"elementor-button elementor-button-link elementor-size-sm\" href=\"https:\/\/mpago.li\/18dVArn\">\n\t\t\t\t\t\t<span class=\"elementor-button-content-wrapper\">\n\t\t\t\t\t\t\t\t\t<span class=\"elementor-button-text\"><b>Compra tu taller aqu\u00ed<\/b><\/span>\n\t\t\t\t\t<\/span>\n\t\t\t\t\t<\/a>\n\t\t\t\t<\/div>\n\t\t\t\t\t\t\t\t<\/div>\n\t\t\t\t<\/div>\n\t\t\t\t<div class=\"elementor-element elementor-element-52d6592 elementor-widget elementor-widget-button\" data-id=\"52d6592\" data-element_type=\"widget\" data-e-type=\"widget\" data-widget_type=\"button.default\">\n\t\t\t\t<div class=\"elementor-widget-container\">\n\t\t\t\t\t\t\t\t\t<div class=\"elementor-button-wrapper\">\n\t\t\t\t\t<a class=\"elementor-button elementor-button-link elementor-size-sm\" href=\"https:\/\/forms.gle\/33roVYMvTYobpxEA6\">\n\t\t\t\t\t\t<span class=\"elementor-button-content-wrapper\">\n\t\t\t\t\t\t\t\t\t<span class=\"elementor-button-text\"><b>Completa tu inscripci\u00f3n aqu\u00ed!<\/b><\/span>\n\t\t\t\t\t<\/span>\n\t\t\t\t\t<\/a>\n\t\t\t\t<\/div>\n\t\t\t\t\t\t\t\t<\/div>\n\t\t\t\t<\/div>\n\t\t\t\t\t<\/div>\n\t\t<\/div>\n\t\t\t\t\t<\/div>\n\t\t<\/section>\n\t\t\t\t<section class=\"elementor-section elementor-top-section elementor-element elementor-element-bb15d3d elementor-section-boxed elementor-section-height-default elementor-section-height-default\" data-id=\"bb15d3d\" data-element_type=\"section\" data-e-type=\"section\">\n\t\t\t\t\t\t<div class=\"elementor-container elementor-column-gap-default\">\n\t\t\t\t\t<div class=\"elementor-column elementor-col-100 elementor-top-column elementor-element elementor-element-a2c7b67\" data-id=\"a2c7b67\" data-element_type=\"column\" data-e-type=\"column\">\n\t\t\t<div class=\"elementor-widget-wrap elementor-element-populated\">\n\t\t\t\t\t\t<div class=\"elementor-element elementor-element-7fc3020 elementor-widget__width-initial elementor-widget elementor-widget-text-editor\" data-id=\"7fc3020\" data-element_type=\"widget\" data-e-type=\"widget\" data-widget_type=\"text-editor.default\">\n\t\t\t\t<div class=\"elementor-widget-container\">\n\t\t\t\t\t\t\t\t\t<p class=\"\" data-start=\"1197\" data-end=\"1218\">\ud83d\udcda <strong data-start=\"1200\" data-end=\"1217\">Temario breve<\/strong>:<\/p><p class=\"\" data-start=\"1220\" data-end=\"1433\"><strong data-start=\"1220\" data-end=\"1277\">D\u00eda 1 \u2014 Consumo consciente y selecci\u00f3n de informaci\u00f3n<\/strong><br data-start=\"1277\" data-end=\"1280\" \/>\u2714\ufe0f C\u00f3mo leer y seleccionar contenido sin caer en el caos<br data-start=\"1336\" data-end=\"1339\" \/>\u2714\ufe0f Herramientas para filtrar y priorizar<br data-start=\"1379\" data-end=\"1382\" \/>\u2714\ufe0f Algoritmos, sesgos y atenci\u00f3n como acto pol\u00edtico<\/p><p>\u00a0<\/p><p class=\"\" data-start=\"1435\" data-end=\"1643\"><strong data-start=\"1435\" data-end=\"1490\">D\u00eda 2 \u2014 Regulaci\u00f3n emocional para un mundo reactivo<\/strong><br data-start=\"1490\" data-end=\"1493\" \/>\u2714\ufe0f T\u00e9cnicas terap\u00e9uticas para calmar cuerpo y mente<br data-start=\"1544\" data-end=\"1547\" \/>\u2714\ufe0f Crear tu kit personal de regulaci\u00f3n<br data-start=\"1585\" data-end=\"1588\" \/>\u2714\ufe0f C\u00f3mo vivir con m\u00e1s calma sin desconectarte del mundo<\/p><p class=\"\" data-start=\"1435\" data-end=\"1643\">\u00a0<\/p><p class=\"\" data-start=\"1435\" data-end=\"1643\">\u00bfQui\u00e9nes somos?\u00a0<\/p><p class=\"\" data-start=\"1435\" data-end=\"1643\">\u00a0<\/p><p class=\"\" data-start=\"1435\" data-end=\"1643\"><b>Gabriela Forero: <\/b>Polit\u00f3loga, administradora de empresas y Mg. Cum Laude en estudios internacionales de la universidad de los andes. analista pol\u00edtica y experta en gobernanza y consumo digital e inteligencia de c\u00f3digo abierno.\u00a0<\/p><p class=\"\" data-start=\"1435\" data-end=\"1643\"><b>\u00c1ngela Rueda Forero: <\/b>psic\u00f3loga, mg. en intervenci\u00f3n psicol\u00f3gica en adultos y experta en duelo, problemas relacionales, migraci\u00f3n, ansiedad y depresi\u00f3n.<\/p><p class=\"\" data-start=\"1435\" data-end=\"1643\"><b>Daniela Rueda Forero: <\/b>Psic\u00f3loga, Es. esp. en feminismo y psicoterapia. experta en duelo, ruptura, autoestima y cambios de vida.\u00a0<\/p>\t\t\t\t\t\t\t\t<\/div>\n\t\t\t\t<\/div>\n\t\t\t\t\t<\/div>\n\t\t<\/div>\n\t\t\t\t\t<\/div>\n\t\t<\/section>\n\t\t\t\t<\/div>\n\t\t","protected":false},"excerpt":{"rendered":"<p>Talleres y proyectos Damos talleres, charlas y capacitaciones sobre identificaci\u00f3n, prevenci\u00f3n y ruta de atenci\u00f3n en violencias basadas en g\u00e9nero. Nuestros talleres se realizan con metodolog\u00edas participativas. En estos talleres hablamos sobre violencia f\u00edsica, emocional, econ\u00f3mica, psicol\u00f3gica y simb\u00f3lica. \u00a0 Nuestro taller del mes: Caos Afuera, calma adentro En un mundo hiperconectado, acelerado y cada &hellip;<\/p>\n<p class=\"read-more\"> <a class=\"\" href=\"https:\/\/laoficinacol.com\/index.php\/nuestros-talleres\/\"> <span class=\"screen-reader-text\">Nuestros talleres<\/span> Leer m\u00e1s &raquo;<\/a><\/p>\n","protected":false},"author":1,"featured_media":0,"parent":0,"menu_order":0,"comment_status":"closed","ping_status":"closed","template":"","meta":{"site-sidebar-layout":"no-sidebar","site-content-layout":"page-builder","ast-site-content-layout":"full-width-container","site-content-style":"default","site-sidebar-style":"default","ast-global-header-display":"","ast-banner-title-visibility":"","ast-main-header-display":"","ast-hfb-above-header-display":"","ast-hfb-below-header-display":"","ast-hfb-mobile-header-display":"","site-post-title":"disabled","ast-breadcrumbs-content":"","ast-featured-img":"disabled","footer-sml-layout":"","theme-transparent-header-meta":"","adv-header-id-meta":"","stick-header-meta":"","header-above-stick-meta":"","header-main-stick-meta":"","header-below-stick-meta":"","astra-migrate-meta-layouts":"set","footnotes":""},"class_list":["post-2089","page","type-page","status-publish","hentry"],"_links":{"self":[{"href":"https:\/\/laoficinacol.com\/index.php\/wp-json\/wp\/v2\/pages\/2089"}],"collection":[{"href":"https:\/\/laoficinacol.com\/index.php\/wp-json\/wp\/v2\/pages"}],"about":[{"href":"https:\/\/laoficinacol.com\/index.php\/wp-json\/wp\/v2\/types\/page"}],"author":[{"embeddable":true,"href":"https:\/\/laoficinacol.com\/index.php\/wp-json\/wp\/v2\/users\/1"}],"replies":[{"embeddable":true,"href":"https:\/\/laoficinacol.com\/index.php\/wp-json\/wp\/v2\/comments?post=2089"}],"version-history":[{"count":46,"href":"https:\/\/laoficinacol.com\/index.php\/wp-json\/wp\/v2\/pages\/2089\/revisions"}],"predecessor-version":[{"id":2165,"href":"https:\/\/laoficinacol.com\/index.php\/wp-json\/wp\/v2\/pages\/2089\/revisions\/2165"}],"wp:attachment":[{"href":"https:\/\/laoficinacol.com\/index.php\/wp-json\/wp\/v2\/media?parent=2089"}],"curies":[{"name":"wp","href":"https:\/\/api.w.org\/{rel}","templated":true}]}}