{"id":1710,"date":"2021-11-21T15:14:41","date_gmt":"2021-11-21T15:14:41","guid":{"rendered":"https:\/\/laoficinacol.com\/index.php\/services\/"},"modified":"2025-01-25T16:57:12","modified_gmt":"2025-01-25T16:57:12","slug":"services","status":"publish","type":"page","link":"https:\/\/laoficinacol.com\/index.php\/services\/","title":{"rendered":"Services"},"content":{"rendered":"\t\t<div data-elementor-type=\"wp-page\" data-elementor-id=\"1710\" class=\"elementor elementor-1710\">\n\t\t\t\t\t\t<section class=\"elementor-section elementor-top-section elementor-element elementor-element-c6a68ef elementor-section-boxed elementor-section-height-default elementor-section-height-default\" data-id=\"c6a68ef\" data-element_type=\"section\" data-e-type=\"section\">\n\t\t\t\t\t\t<div class=\"elementor-container elementor-column-gap-default\">\n\t\t\t\t\t<div class=\"elementor-column elementor-col-100 elementor-top-column elementor-element elementor-element-f2105ed\" data-id=\"f2105ed\" data-element_type=\"column\" data-e-type=\"column\">\n\t\t\t<div class=\"elementor-widget-wrap elementor-element-populated\">\n\t\t\t\t\t\t<div class=\"elementor-element elementor-element-81a19c6 elementor-widget elementor-widget-spacer\" data-id=\"81a19c6\" data-element_type=\"widget\" data-e-type=\"widget\" data-widget_type=\"spacer.default\">\n\t\t\t\t<div class=\"elementor-widget-container\">\n\t\t\t\t\t\t\t<div class=\"elementor-spacer\">\n\t\t\t<div class=\"elementor-spacer-inner\"><\/div>\n\t\t<\/div>\n\t\t\t\t\t\t<\/div>\n\t\t\t\t<\/div>\n\t\t\t\t\t<\/div>\n\t\t<\/div>\n\t\t\t\t\t<\/div>\n\t\t<\/section>\n\t\t\t\t<section class=\"elementor-section elementor-top-section elementor-element elementor-element-d7e774b elementor-section-boxed elementor-section-height-default elementor-section-height-default\" data-id=\"d7e774b\" data-element_type=\"section\" data-e-type=\"section\">\n\t\t\t\t\t\t<div class=\"elementor-container elementor-column-gap-default\">\n\t\t\t\t\t<div class=\"elementor-column elementor-col-100 elementor-top-column elementor-element elementor-element-a6d63d7\" data-id=\"a6d63d7\" data-element_type=\"column\" data-e-type=\"column\">\n\t\t\t<div class=\"elementor-widget-wrap elementor-element-populated\">\n\t\t\t\t\t\t<div class=\"elementor-element elementor-element-3536bfe elementor-widget elementor-widget-heading\" data-id=\"3536bfe\" data-element_type=\"widget\" data-e-type=\"widget\" data-widget_type=\"heading.default\">\n\t\t\t\t<div class=\"elementor-widget-container\">\n\t\t\t\t\t<h2 class=\"elementor-heading-title elementor-size-default\">En La Oficina creemos que vale la pena cambiar realidades con di\u00e1logo, formaci\u00f3n y pedagog\u00eda<\/h2>\t\t\t\t<\/div>\n\t\t\t\t<\/div>\n\t\t\t\t<div class=\"elementor-element elementor-element-385a7a3 elementor-widget elementor-widget-spacer\" data-id=\"385a7a3\" data-element_type=\"widget\" data-e-type=\"widget\" data-widget_type=\"spacer.default\">\n\t\t\t\t<div class=\"elementor-widget-container\">\n\t\t\t\t\t\t\t<div class=\"elementor-spacer\">\n\t\t\t<div class=\"elementor-spacer-inner\"><\/div>\n\t\t<\/div>\n\t\t\t\t\t\t<\/div>\n\t\t\t\t<\/div>\n\t\t\t\t\t<\/div>\n\t\t<\/div>\n\t\t\t\t\t<\/div>\n\t\t<\/section>\n\t\t\t\t<section class=\"elementor-section elementor-top-section elementor-element elementor-element-98a155a elementor-section-boxed elementor-section-height-default elementor-section-height-default\" data-id=\"98a155a\" data-element_type=\"section\" data-e-type=\"section\">\n\t\t\t\t\t\t<div class=\"elementor-container elementor-column-gap-default\">\n\t\t\t\t\t<div class=\"elementor-column elementor-col-100 elementor-top-column elementor-element elementor-element-fad7d83\" data-id=\"fad7d83\" data-element_type=\"column\" data-e-type=\"column\">\n\t\t\t<div class=\"elementor-widget-wrap elementor-element-populated\">\n\t\t\t\t\t\t<div class=\"elementor-element elementor-element-3035852 elementor-widget elementor-widget-text-editor\" data-id=\"3035852\" data-element_type=\"widget\" data-e-type=\"widget\" data-widget_type=\"text-editor.default\">\n\t\t\t\t<div class=\"elementor-widget-container\">\n\t\t\t\t\t\t\t\t\t<p>Nos encanta que est\u00e9s buscando m\u00e1s sobre <b>La Oficina.<\/b>&nbsp;<span style=\"font-style: inherit; font-weight: inherit; background-color: var(--ast-global-color-5); color: var(--ast-global-color-3); text-decoration-line: initial;\">Este es un espacio para preguntarnos muchas cosas, sobre todo para preguntarnos c\u00f3mo es diferencial la experiencia de ser mujer \u00bfQu\u00e9 retos trae? \u00bfC\u00f3mo podemos apoyarnos? \u00bfC\u00f3mo nos ha definido el vivir en un sistema patriarcal? y tambi\u00e9n es un espacio de juntanza.&nbsp;<\/span><span style=\"font-style: inherit; font-weight: inherit; background-color: var(--ast-global-color-5); color: var(--ast-global-color-3); text-decoration-line: initial;\">Creamos contenidos en los que intentamos dar algunas respuestas, explorar teor\u00edas y hacernos m\u00e1s preguntas. As\u00ed mismo tenemos un proyecto socia, que busca ofrecer capacitaciones, cursos y talleres especializados en derechos humanos, g\u00e9nero, derechos de las mujeres y enfoque interseccional.<\/span><\/p>\t\t\t\t\t\t\t\t<\/div>\n\t\t\t\t<\/div>\n\t\t\t\t\t<\/div>\n\t\t<\/div>\n\t\t\t\t\t<\/div>\n\t\t<\/section>\n\t\t\t\t<section class=\"elementor-section elementor-top-section elementor-element elementor-element-ea64682 elementor-section-content-middle elementor-section-boxed elementor-section-height-default elementor-section-height-default\" data-id=\"ea64682\" data-element_type=\"section\" data-e-type=\"section\" data-settings=\"{&quot;background_background&quot;:&quot;classic&quot;}\">\n\t\t\t\t\t\t<div class=\"elementor-container elementor-column-gap-default\">\n\t\t\t\t\t<div class=\"elementor-column elementor-col-100 elementor-top-column elementor-element elementor-element-3cb18be\" data-id=\"3cb18be\" data-element_type=\"column\" data-e-type=\"column\">\n\t\t\t<div class=\"elementor-widget-wrap elementor-element-populated\">\n\t\t\t\t\t\t<div class=\"elementor-element elementor-element-d2ec9a0 elementor-widget elementor-widget-heading\" data-id=\"d2ec9a0\" data-element_type=\"widget\" data-e-type=\"widget\" data-widget_type=\"heading.default\">\n\t\t\t\t<div class=\"elementor-widget-container\">\n\t\t\t\t\t<h2 class=\"elementor-heading-title elementor-size-default\">Cont\u00e1ctanos<\/h2>\t\t\t\t<\/div>\n\t\t\t\t<\/div>\n\t\t\t\t<div class=\"elementor-element elementor-element-0cc9dbc elementor-widget elementor-widget-text-editor\" data-id=\"0cc9dbc\" data-element_type=\"widget\" data-e-type=\"widget\" data-widget_type=\"text-editor.default\">\n\t\t\t\t<div class=\"elementor-widget-container\">\n\t\t\t\t\t\t\t\t\t<p>En La Oficina estamos para escucharte, leerte y cooperar. Mejor dicho, estamos pa&#8217; las que sea.&nbsp;<\/p>\t\t\t\t\t\t\t\t<\/div>\n\t\t\t\t<\/div>\n\t\t\t\t<div class=\"elementor-element elementor-element-5cf30d0 elementor-align-center elementor-widget elementor-widget-button\" data-id=\"5cf30d0\" data-element_type=\"widget\" data-e-type=\"widget\" data-widget_type=\"button.default\">\n\t\t\t\t<div class=\"elementor-widget-container\">\n\t\t\t\t\t\t\t\t\t<div class=\"elementor-button-wrapper\">\n\t\t\t\t\t<a class=\"elementor-button elementor-button-link elementor-size-sm\" href=\"https:\/\/laoficinacol.com\/index.php\/about\/\" target=\"_blank\">\n\t\t\t\t\t\t<span class=\"elementor-button-content-wrapper\">\n\t\t\t\t\t\t\t\t\t<span class=\"elementor-button-text\">Cont\u00e1ctanos<\/span>\n\t\t\t\t\t<\/span>\n\t\t\t\t\t<\/a>\n\t\t\t\t<\/div>\n\t\t\t\t\t\t\t\t<\/div>\n\t\t\t\t<\/div>\n\t\t\t\t\t<\/div>\n\t\t<\/div>\n\t\t\t\t\t<\/div>\n\t\t<\/section>\n\t\t\t\t<\/div>\n\t\t","protected":false},"excerpt":{"rendered":"<p>En La Oficina creemos que vale la pena cambiar realidades con di\u00e1logo, formaci\u00f3n y pedagog\u00eda Nos encanta que est\u00e9s buscando m\u00e1s sobre La Oficina.&nbsp;Este es un espacio para preguntarnos muchas cosas, sobre todo para preguntarnos c\u00f3mo es diferencial la experiencia de ser mujer \u00bfQu\u00e9 retos trae? \u00bfC\u00f3mo podemos apoyarnos? \u00bfC\u00f3mo nos ha definido el vivir &hellip;<\/p>\n<p class=\"read-more\"> <a class=\"\" href=\"https:\/\/laoficinacol.com\/index.php\/services\/\"> <span class=\"screen-reader-text\">Services<\/span> Leer m\u00e1s &raquo;<\/a><\/p>\n","protected":false},"author":1,"featured_media":0,"parent":0,"menu_order":0,"comment_status":"closed","ping_status":"closed","template":"","meta":{"site-sidebar-layout":"no-sidebar","site-content-layout":"page-builder","ast-site-content-layout":"full-width-container","site-content-style":"unboxed","site-sidebar-style":"unboxed","ast-global-header-display":"","ast-banner-title-visibility":"","ast-main-header-display":"","ast-hfb-above-header-display":"","ast-hfb-below-header-display":"","ast-hfb-mobile-header-display":"","site-post-title":"disabled","ast-breadcrumbs-content":"","ast-featured-img":"disabled","footer-sml-layout":"","theme-transparent-header-meta":"enabled","adv-header-id-meta":"","stick-header-meta":"","header-above-stick-meta":"","header-main-stick-meta":"","header-below-stick-meta":"","astra-migrate-meta-layouts":"set","footnotes":""},"class_list":["post-1710","page","type-page","status-publish","hentry"],"_links":{"self":[{"href":"https:\/\/laoficinacol.com\/index.php\/wp-json\/wp\/v2\/pages\/1710"}],"collection":[{"href":"https:\/\/laoficinacol.com\/index.php\/wp-json\/wp\/v2\/pages"}],"about":[{"href":"https:\/\/laoficinacol.com\/index.php\/wp-json\/wp\/v2\/types\/page"}],"author":[{"embeddable":true,"href":"https:\/\/laoficinacol.com\/index.php\/wp-json\/wp\/v2\/users\/1"}],"replies":[{"embeddable":true,"href":"https:\/\/laoficinacol.com\/index.php\/wp-json\/wp\/v2\/comments?post=1710"}],"version-history":[{"count":19,"href":"https:\/\/laoficinacol.com\/index.php\/wp-json\/wp\/v2\/pages\/1710\/revisions"}],"predecessor-version":[{"id":2159,"href":"https:\/\/laoficinacol.com\/index.php\/wp-json\/wp\/v2\/pages\/1710\/revisions\/2159"}],"wp:attachment":[{"href":"https:\/\/laoficinacol.com\/index.php\/wp-json\/wp\/v2\/media?parent=1710"}],"curies":[{"name":"wp","href":"https:\/\/api.w.org\/{rel}","templated":true}]}}